{"id":7,"date":"2025-02-15T03:38:31","date_gmt":"2025-02-15T00:38:31","guid":{"rendered":"https:\/\/www.31vakti.org\/?page_id=7"},"modified":"2026-04-03T15:19:20","modified_gmt":"2026-04-03T12:19:20","slug":"siteye-giris","status":"publish","type":"page","link":"https:\/\/www.31vakti.org\/","title":{"rendered":"Siteye Giri\u015f :"},"content":{"rendered":"\n<p class=\"has-text-align-center\"><strong><mark>31 Vakti<\/mark><\/strong>&nbsp;\u2013 Web Sitemizin g\u00fcncel adresi&nbsp;Buradan girebilirsiniz. 31vakti<\/p>\n\n\n\n<p class=\"has-text-align-center\"><h2 class=\"wp-block-heading has-text-align-center\"><strong><a href=\"https:\/\/www.porno80si.shop\/\" data-type=\"link\" data-id=\"https:\/\/www.porno80si.shop\/\" target=\"_blank\"><mark style=\"background-color:#FFEE58\" class=\"has-inline-color has-contrast-color\">Siteye Girmek i\u00e7in Buraya T\u0131klay\u0131n\u0131z<\/mark><\/a><\/strong><\/h2><\/p>\n","protected":false},"excerpt":{"rendered":"<p>31 Vakti&nbsp;\u2013 Web Sitemizin g\u00fcncel adresi&nbsp;Buradan girebilirsiniz. 31vakti Siteye Girmek i\u00e7in Buraya T\u0131klay\u0131n\u0131z<\/p>\n","protected":false},"author":1,"featured_media":10,"parent":0,"menu_order":0,"comment_status":"closed","ping_status":"closed","template":"","meta":{"footnotes":""},"class_list":["post-7","page","type-page","status-publish","has-post-thumbnail","hentry"],"_links":{"self":[{"href":"https:\/\/www.31vakti.org\/index.php\/wp-json\/wp\/v2\/pages\/7","targetHints":{"allow":["GET"]}}],"collection":[{"href":"https:\/\/www.31vakti.org\/index.php\/wp-json\/wp\/v2\/pages"}],"about":[{"href":"https:\/\/www.31vakti.org\/index.php\/wp-json\/wp\/v2\/types\/page"}],"author":[{"embeddable":true,"href":"https:\/\/www.31vakti.org\/index.php\/wp-json\/wp\/v2\/users\/1"}],"replies":[{"embeddable":true,"href":"https:\/\/www.31vakti.org\/index.php\/wp-json\/wp\/v2\/comments?post=7"}],"version-history":[{"count":134,"href":"https:\/\/www.31vakti.org\/index.php\/wp-json\/wp\/v2\/pages\/7\/revisions"}],"predecessor-version":[{"id":188,"href":"https:\/\/www.31vakti.org\/index.php\/wp-json\/wp\/v2\/pages\/7\/revisions\/188"}],"wp:featuredmedia":[{"embeddable":true,"href":"https:\/\/www.31vakti.org\/index.php\/wp-json\/wp\/v2\/media\/10"}],"wp:attachment":[{"href":"https:\/\/www.31vakti.org\/index.php\/wp-json\/wp\/v2\/media?parent=7"}],"curies":[{"name":"wp","href":"https:\/\/api.w.org\/{rel}","templated":true}]}}